{"id":332,"date":"2024-05-22T12:04:59","date_gmt":"2024-05-22T10:04:59","guid":{"rendered":"https:\/\/ciamajareta.es\/?page_id=332"},"modified":"2026-01-28T01:58:14","modified_gmt":"2026-01-28T00:58:14","slug":"contacto","status":"publish","type":"page","link":"https:\/\/ciamajareta.es\/fr\/contact\/","title":{"rendered":"Contact"},"content":{"rendered":"\t\t<div data-elementor-type=\"wp-page\" data-elementor-id=\"332\" class=\"elementor elementor-332\" data-elementor-post-type=\"page\">\n\t\t\t\t<div class=\"elementor-element elementor-element-e5bc39d e-flex e-con-boxed e-con e-parent\" data-id=\"e5bc39d\" data-element_type=\"container\" data-e-type=\"container\" data-settings=\"{&quot;background_background&quot;:&quot;classic&quot;}\">\n\t\t\t\t\t<div class=\"e-con-inner\">\n\t\t\t\t\t<\/div>\n\t\t\t\t<\/div>\n\t\t<div class=\"elementor-element elementor-element-6e5a6348 e-flex e-con-boxed e-con e-parent\" data-id=\"6e5a6348\" data-element_type=\"container\" data-e-type=\"container\">\n\t\t\t\t\t<div class=\"e-con-inner\">\n\t\t\t\t<div class=\"elementor-element elementor-element-54cae06 elementor-widget elementor-widget-text-editor\" data-id=\"54cae06\" data-element_type=\"widget\" data-e-type=\"widget\" data-widget_type=\"text-editor.default\">\n\t\t\t\t<div class=\"elementor-widget-container\">\n\t\t\t\t\t\t\t\t\t<p class=\"mbr-section-subtitle mbr-fonts-style align-center mb-0 mt-4 display-7 animate__animated animate__delay-1s animate__fadeIn\">Gracias por contactar con nosotros, te esperamos con las mismas ganas que t\u00fa.<\/p>\t\t\t\t\t\t\t\t<\/div>\n\t\t\t\t<\/div>\n\t\t\t\t<div class=\"elementor-element elementor-element-c2af6b9 elementor-button-align-stretch elementor-widget elementor-widget-form\" data-id=\"c2af6b9\" data-element_type=\"widget\" data-e-type=\"widget\" data-settings=\"{&quot;step_next_label&quot;:&quot;Siguiente&quot;,&quot;step_previous_label&quot;:&quot;Anterior&quot;,&quot;button_width&quot;:&quot;100&quot;,&quot;step_type&quot;:&quot;number_text&quot;,&quot;step_icon_shape&quot;:&quot;circle&quot;}\" data-widget_type=\"form.default\">\n\t\t\t\t<div class=\"elementor-widget-container\">\n\t\t\t\t\t\t\t<form class=\"elementor-form\" method=\"post\" name=\"CONTACTO\" aria-label=\"CONTACTO\">\n\t\t\t<input type=\"hidden\" name=\"post_id\" value=\"332\"\/>\n\t\t\t<input type=\"hidden\" name=\"form_id\" value=\"c2af6b9\"\/>\n\t\t\t<input type=\"hidden\" name=\"referer_title\" value=\"Contacto - CiaMajareta\" \/>\n\n\t\t\t\t\t\t\t<input type=\"hidden\" name=\"queried_id\" value=\"332\"\/>\n\t\t\t\n\t\t\t<div class=\"elementor-form-fields-wrapper elementor-labels-above\">\n\t\t\t\t\t\t\t\t<div class=\"elementor-field-type-text elementor-field-group elementor-column elementor-field-group-name elementor-col-50 elementor-field-required elementor-mark-required\">\n\t\t\t\t\t\t\t\t\t\t\t\t<label for=\"form-field-name\" class=\"elementor-field-label\">\n\t\t\t\t\t\t\t\tNombre\t\t\t\t\t\t\t<\/label>\n\t\t\t\t\t\t\t\t\t\t\t\t\t\t<input size=\"1\" type=\"text\" name=\"form_fields[name]\" id=\"form-field-name\" class=\"elementor-field elementor-size-sm  elementor-field-textual\" required=\"required\">\n\t\t\t\t\t\t\t\t\t\t\t<\/div>\n\t\t\t\t\t\t\t\t<div class=\"elementor-field-type-tel elementor-field-group elementor-column elementor-field-group-telefono elementor-col-50 elementor-field-required elementor-mark-required\">\n\t\t\t\t\t\t\t\t\t\t\t\t<label for=\"form-field-telefono\" class=\"elementor-field-label\">\n\t\t\t\t\t\t\t\tTel\u00e9fono\t\t\t\t\t\t\t<\/label>\n\t\t\t\t\t\t\t\t<input size=\"1\" type=\"tel\" name=\"form_fields[telefono]\" id=\"form-field-telefono\" class=\"elementor-field elementor-size-sm  elementor-field-textual\" required=\"required\" pattern=\"[0-9()#&amp;+*-=.]+\" title=\"Solo se aceptan n\u00fameros y caracteres de tel\u00e9fono (#,-,*,etc).\">\n\n\t\t\t\t\t\t<\/div>\n\t\t\t\t\t\t\t\t<div class=\"elementor-field-type-email elementor-field-group elementor-column elementor-field-group-email elementor-col-100 elementor-field-required elementor-mark-required\">\n\t\t\t\t\t\t\t\t\t\t\t\t<label for=\"form-field-email\" class=\"elementor-field-label\">\n\t\t\t\t\t\t\t\tCorreo electr\u00f3nico\t\t\t\t\t\t\t<\/label>\n\t\t\t\t\t\t\t\t\t\t\t\t\t\t<input size=\"1\" type=\"email\" name=\"form_fields[email]\" id=\"form-field-email\" class=\"elementor-field elementor-size-sm  elementor-field-textual\" required=\"required\">\n\t\t\t\t\t\t\t\t\t\t\t<\/div>\n\t\t\t\t\t\t\t\t<div class=\"elementor-field-type-textarea elementor-field-group elementor-column elementor-field-group-field_4711a14 elementor-col-100\">\n\t\t\t\t\t\t\t\t\t\t\t\t<label for=\"form-field-field_4711a14\" class=\"elementor-field-label\">\n\t\t\t\t\t\t\t\tMensaje\t\t\t\t\t\t\t<\/label>\n\t\t\t\t\t\t<textarea class=\"elementor-field-textual elementor-field  elementor-size-sm\" name=\"form_fields[field_4711a14]\" id=\"form-field-field_4711a14\" rows=\"4\"><\/textarea>\t\t\t\t<\/div>\n\t\t\t\t\t\t\t\t<div class=\"elementor-field-type-acceptance elementor-field-group elementor-column elementor-field-group-field_7c49469 elementor-col-100 elementor-field-required elementor-mark-required\">\n\t\t\t\t\t\t\t<div class=\"elementor-field-subgroup\">\n\t\t\t<span class=\"elementor-field-option\">\n\t\t\t\t<input type=\"checkbox\" name=\"form_fields[field_7c49469]\" id=\"form-field-field_7c49469\" class=\"elementor-field elementor-size-sm  elementor-acceptance-field\" required=\"required\">\n\t\t\t\t<label for=\"form-field-field_7c49469\">He le\u00eddo y acepto la <a href=\"https:\/\/ciamajareta.es\/privacidad\/\" target=\"_blank\">pol\u00edtica de privacidad<\/a>.<\/label>\t\t\t<\/span>\n\t\t<\/div>\n\t\t\t\t\t\t<\/div>\n\t\t\t\t\t\t\t\t<div class=\"elementor-field-type-recaptcha_v3 elementor-field-group elementor-column elementor-field-group-field_7f71068 elementor-col-100 recaptcha_v3-bottomleft\">\n\t\t\t\t\t<div class=\"elementor-field\" id=\"form-field-field_7f71068\"><div class=\"elementor-g-recaptcha\" data-sitekey=\"6LeZKjgqAAAAAGBt7YC5OCLWa3PUvVnGeMuTabZZ\" data-type=\"v3\" data-action=\"Form\" data-badge=\"bottomleft\" data-size=\"invisible\"><\/div><\/div>\t\t\t\t<\/div>\n\t\t\t\t\t\t\t\t<div class=\"elementor-field-group elementor-column elementor-field-type-submit elementor-col-100 e-form__buttons\">\n\t\t\t\t\t<button class=\"elementor-button elementor-size-sm elementor-animation-grow\" type=\"submit\">\n\t\t\t\t\t\t<span class=\"elementor-button-content-wrapper\">\n\t\t\t\t\t\t\t\t\t\t\t\t\t\t\t\t\t\t\t\t\t\t<span class=\"elementor-button-text\">Enviar<\/span>\n\t\t\t\t\t\t\t\t\t\t\t\t\t<\/span>\n\t\t\t\t\t<\/button>\n\t\t\t\t<\/div>\n\t\t\t<\/div>\n\t\t<\/form>\n\t\t\t\t\t\t<\/div>\n\t\t\t\t<\/div>\n\t\t\t\t\t<\/div>\n\t\t\t\t<\/div>\n\t\t<div class=\"elementor-element elementor-element-f93ec03 e-con-full e-flex e-con e-parent\" data-id=\"f93ec03\" data-element_type=\"container\" data-e-type=\"container\" data-settings=\"{&quot;background_background&quot;:&quot;classic&quot;}\">\n\t\t\t\t<div class=\"elementor-element elementor-element-331cf74d elementor-invisible elementor-widget elementor-widget-google_maps\" data-id=\"331cf74d\" data-element_type=\"widget\" data-e-type=\"widget\" data-settings=\"{&quot;_animation&quot;:&quot;fadeIn&quot;}\" data-widget_type=\"google_maps.default\">\n\t\t\t\t<div class=\"elementor-widget-container\">\n\t\t\t\t\t\t\t<div class=\"elementor-custom-embed\">\n\t\t\t<iframe loading=\"lazy\"\n\t\t\t\t\tsrc=\"https:\/\/maps.google.com\/maps?q=C%2F%20Avenida%20de%20la%20Innovaci%C3%B3n%2C%2011%2041300%2C%20San%20Jos%C3%A9%20de%20la%20Rinconada%20Sevilla%2C%20Espa%C3%B1a&#038;t=m&#038;z=16&#038;output=embed&#038;iwloc=near\"\n\t\t\t\t\ttitle=\"C\/ Avenida de la Innovaci\u00f3n, 11 41300, San Jos\u00e9 de la Rinconada Sevilla, Espa\u00f1a\"\n\t\t\t\t\taria-label=\"C\/ Avenida de la Innovaci\u00f3n, 11 41300, San Jos\u00e9 de la Rinconada Sevilla, Espa\u00f1a\"\n\t\t\t><\/iframe>\n\t\t<\/div>\n\t\t\t\t\t\t<\/div>\n\t\t\t\t<\/div>\n\t\t\t\t<\/div>\n\t\t\t\t<\/div>\n\t\t","protected":false},"excerpt":{"rendered":"<p>Nous vous remercions de nous avoir contact\u00e9s et nous nous r\u00e9jouissons d'avoir de vos nouvelles.<\/p>","protected":false},"author":3,"featured_media":1929,"parent":0,"menu_order":0,"comment_status":"closed","ping_status":"closed","template":"elementor_header_footer","meta":{"_joinchat":[],"footnotes":""},"class_list":["post-332","page","type-page","status-publish","has-post-thumbnail","hentry"],"yoast_head":"<!-- This site is optimized with the Yoast SEO plugin v27.5 - https:\/\/yoast.com\/product\/yoast-seo-wordpress\/ -->\n<title>Contacto - CiaMajareta<\/title>\n<meta name=\"description\" content=\"Contacta con nosotros para todo tipo de eventos. Tenemos muchas ganas de formar parte de t\u00fa evento para compartir y disfrutar juntos de ese gran d\u00eda.\" \/>\n<meta name=\"robots\" content=\"index, follow, max-snippet:-1, max-image-preview:large, max-video-preview:-1\" \/>\n<link rel=\"canonical\" href=\"https:\/\/ciamajareta.es\/fr\/contact\/\" \/>\n<meta property=\"og:locale\" content=\"fr_FR\" \/>\n<meta property=\"og:type\" content=\"article\" \/>\n<meta property=\"og:title\" content=\"Contacto - CiaMajareta\" \/>\n<meta property=\"og:description\" content=\"Contacta con nosotros para todo tipo de eventos. Tenemos muchas ganas de formar parte de t\u00fa evento para compartir y disfrutar juntos de ese gran d\u00eda.\" \/>\n<meta property=\"og:url\" content=\"https:\/\/ciamajareta.es\/fr\/contact\/\" \/>\n<meta property=\"og:site_name\" content=\"CiaMajareta\" \/>\n<meta property=\"article:modified_time\" content=\"2026-01-28T00:58:14+00:00\" \/>\n<meta property=\"og:image\" content=\"https:\/\/ciamajareta.es\/wp-content\/uploads\/2024\/07\/Un-viaje-Magico-CiaMajareta-Productions-44-scaled.jpg\" \/>\n\t<meta property=\"og:image:width\" content=\"2560\" \/>\n\t<meta property=\"og:image:height\" content=\"1708\" \/>\n\t<meta property=\"og:image:type\" content=\"image\/jpeg\" \/>\n<meta name=\"twitter:card\" content=\"summary_large_image\" \/>\n<meta name=\"twitter:label1\" content=\"Dur\u00e9e de lecture estim\u00e9e\" \/>\n\t<meta name=\"twitter:data1\" content=\"1 minute\" \/>\n<script type=\"application\/ld+json\" class=\"yoast-schema-graph\">{\"@context\":\"https:\\\/\\\/schema.org\",\"@graph\":[{\"@type\":\"WebPage\",\"@id\":\"https:\\\/\\\/ciamajareta.es\\\/contacto\\\/\",\"url\":\"https:\\\/\\\/ciamajareta.es\\\/contacto\\\/\",\"name\":\"Contacto - CiaMajareta\",\"isPartOf\":{\"@id\":\"https:\\\/\\\/ciamajareta.es\\\/#website\"},\"primaryImageOfPage\":{\"@id\":\"https:\\\/\\\/ciamajareta.es\\\/contacto\\\/#primaryimage\"},\"image\":{\"@id\":\"https:\\\/\\\/ciamajareta.es\\\/contacto\\\/#primaryimage\"},\"thumbnailUrl\":\"https:\\\/\\\/ciamajareta.es\\\/wp-content\\\/uploads\\\/2024\\\/07\\\/Un-viaje-Magico-CiaMajareta-Productions-44-scaled.jpg\",\"datePublished\":\"2024-05-22T10:04:59+00:00\",\"dateModified\":\"2026-01-28T00:58:14+00:00\",\"description\":\"Contacta con nosotros para todo tipo de eventos. Tenemos muchas ganas de formar parte de t\u00fa evento para compartir y disfrutar juntos de ese gran d\u00eda.\",\"breadcrumb\":{\"@id\":\"https:\\\/\\\/ciamajareta.es\\\/contacto\\\/#breadcrumb\"},\"inLanguage\":\"fr-FR\",\"potentialAction\":[{\"@type\":\"ReadAction\",\"target\":[\"https:\\\/\\\/ciamajareta.es\\\/contacto\\\/\"]}]},{\"@type\":\"ImageObject\",\"inLanguage\":\"fr-FR\",\"@id\":\"https:\\\/\\\/ciamajareta.es\\\/contacto\\\/#primaryimage\",\"url\":\"https:\\\/\\\/ciamajareta.es\\\/wp-content\\\/uploads\\\/2024\\\/07\\\/Un-viaje-Magico-CiaMajareta-Productions-44-scaled.jpg\",\"contentUrl\":\"https:\\\/\\\/ciamajareta.es\\\/wp-content\\\/uploads\\\/2024\\\/07\\\/Un-viaje-Magico-CiaMajareta-Productions-44-scaled.jpg\",\"width\":2560,\"height\":1708},{\"@type\":\"BreadcrumbList\",\"@id\":\"https:\\\/\\\/ciamajareta.es\\\/contacto\\\/#breadcrumb\",\"itemListElement\":[{\"@type\":\"ListItem\",\"position\":1,\"name\":\"Portada\",\"item\":\"https:\\\/\\\/ciamajareta.es\\\/\"},{\"@type\":\"ListItem\",\"position\":2,\"name\":\"Contacto\"}]},{\"@type\":\"WebSite\",\"@id\":\"https:\\\/\\\/ciamajareta.es\\\/#website\",\"url\":\"https:\\\/\\\/ciamajareta.es\\\/\",\"name\":\"CiaMajareta\",\"description\":\"Empresa dedicada a la producci\u00f3n y ejecuci\u00f3n de espect\u00e1culos de calle a nivel internacional.\",\"publisher\":{\"@id\":\"https:\\\/\\\/ciamajareta.es\\\/#organization\"},\"potentialAction\":[{\"@type\":\"SearchAction\",\"target\":{\"@type\":\"EntryPoint\",\"urlTemplate\":\"https:\\\/\\\/ciamajareta.es\\\/?s={search_term_string}\"},\"query-input\":{\"@type\":\"PropertyValueSpecification\",\"valueRequired\":true,\"valueName\":\"search_term_string\"}}],\"inLanguage\":\"fr-FR\"},{\"@type\":\"Organization\",\"@id\":\"https:\\\/\\\/ciamajareta.es\\\/#organization\",\"name\":\"CiaMajareta\",\"url\":\"https:\\\/\\\/ciamajareta.es\\\/\",\"logo\":{\"@type\":\"ImageObject\",\"inLanguage\":\"fr-FR\",\"@id\":\"https:\\\/\\\/ciamajareta.es\\\/#\\\/schema\\\/logo\\\/image\\\/\",\"url\":\"https:\\\/\\\/ciamajareta.es\\\/wp-content\\\/uploads\\\/2024\\\/05\\\/Mural-QR-Pequeno.png\",\"contentUrl\":\"https:\\\/\\\/ciamajareta.es\\\/wp-content\\\/uploads\\\/2024\\\/05\\\/Mural-QR-Pequeno.png\",\"width\":731,\"height\":628,\"caption\":\"CiaMajareta\"},\"image\":{\"@id\":\"https:\\\/\\\/ciamajareta.es\\\/#\\\/schema\\\/logo\\\/image\\\/\"}}]}<\/script>\n<!-- \/ Yoast SEO plugin. -->","yoast_head_json":{"title":"Contact - CiaMajareta","description":"Contactez-nous pour tout type d'\u00e9v\u00e9nement. Nous nous r\u00e9jouissons de faire partie de votre \u00e9v\u00e9nement pour partager et profiter ensemble de ce grand jour.","robots":{"index":"index","follow":"follow","max-snippet":"max-snippet:-1","max-image-preview":"max-image-preview:large","max-video-preview":"max-video-preview:-1"},"canonical":"https:\/\/ciamajareta.es\/fr\/contact\/","og_locale":"fr_FR","og_type":"article","og_title":"Contacto - CiaMajareta","og_description":"Contacta con nosotros para todo tipo de eventos. Tenemos muchas ganas de formar parte de t\u00fa evento para compartir y disfrutar juntos de ese gran d\u00eda.","og_url":"https:\/\/ciamajareta.es\/fr\/contact\/","og_site_name":"CiaMajareta","article_modified_time":"2026-01-28T00:58:14+00:00","og_image":[{"width":2560,"height":1708,"url":"https:\/\/ciamajareta.es\/wp-content\/uploads\/2024\/07\/Un-viaje-Magico-CiaMajareta-Productions-44-scaled.jpg","type":"image\/jpeg"}],"twitter_card":"summary_large_image","twitter_misc":{"Dur\u00e9e de lecture estim\u00e9e":"1 minute"},"schema":{"@context":"https:\/\/schema.org","@graph":[{"@type":"WebPage","@id":"https:\/\/ciamajareta.es\/contacto\/","url":"https:\/\/ciamajareta.es\/contacto\/","name":"Contact - CiaMajareta","isPartOf":{"@id":"https:\/\/ciamajareta.es\/#website"},"primaryImageOfPage":{"@id":"https:\/\/ciamajareta.es\/contacto\/#primaryimage"},"image":{"@id":"https:\/\/ciamajareta.es\/contacto\/#primaryimage"},"thumbnailUrl":"https:\/\/ciamajareta.es\/wp-content\/uploads\/2024\/07\/Un-viaje-Magico-CiaMajareta-Productions-44-scaled.jpg","datePublished":"2024-05-22T10:04:59+00:00","dateModified":"2026-01-28T00:58:14+00:00","description":"Contactez-nous pour tout type d'\u00e9v\u00e9nement. Nous nous r\u00e9jouissons de faire partie de votre \u00e9v\u00e9nement pour partager et profiter ensemble de ce grand jour.","breadcrumb":{"@id":"https:\/\/ciamajareta.es\/contacto\/#breadcrumb"},"inLanguage":"fr-FR","potentialAction":[{"@type":"ReadAction","target":["https:\/\/ciamajareta.es\/contacto\/"]}]},{"@type":"ImageObject","inLanguage":"fr-FR","@id":"https:\/\/ciamajareta.es\/contacto\/#primaryimage","url":"https:\/\/ciamajareta.es\/wp-content\/uploads\/2024\/07\/Un-viaje-Magico-CiaMajareta-Productions-44-scaled.jpg","contentUrl":"https:\/\/ciamajareta.es\/wp-content\/uploads\/2024\/07\/Un-viaje-Magico-CiaMajareta-Productions-44-scaled.jpg","width":2560,"height":1708},{"@type":"BreadcrumbList","@id":"https:\/\/ciamajareta.es\/contacto\/#breadcrumb","itemListElement":[{"@type":"ListItem","position":1,"name":"Portada","item":"https:\/\/ciamajareta.es\/"},{"@type":"ListItem","position":2,"name":"Contacto"}]},{"@type":"WebSite","@id":"https:\/\/ciamajareta.es\/#website","url":"https:\/\/ciamajareta.es\/","name":"CiaMajareta","description":"Soci\u00e9t\u00e9 d\u00e9di\u00e9e \u00e0 la production et \u00e0 l'ex\u00e9cution de spectacles de rue au niveau international.","publisher":{"@id":"https:\/\/ciamajareta.es\/#organization"},"potentialAction":[{"@type":"SearchAction","target":{"@type":"EntryPoint","urlTemplate":"https:\/\/ciamajareta.es\/?s={search_term_string}"},"query-input":{"@type":"PropertyValueSpecification","valueRequired":true,"valueName":"search_term_string"}}],"inLanguage":"fr-FR"},{"@type":"Organization","@id":"https:\/\/ciamajareta.es\/#organization","name":"CiaMajareta","url":"https:\/\/ciamajareta.es\/","logo":{"@type":"ImageObject","inLanguage":"fr-FR","@id":"https:\/\/ciamajareta.es\/#\/schema\/logo\/image\/","url":"https:\/\/ciamajareta.es\/wp-content\/uploads\/2024\/05\/Mural-QR-Pequeno.png","contentUrl":"https:\/\/ciamajareta.es\/wp-content\/uploads\/2024\/05\/Mural-QR-Pequeno.png","width":731,"height":628,"caption":"CiaMajareta"},"image":{"@id":"https:\/\/ciamajareta.es\/#\/schema\/logo\/image\/"}}]}},"_links":{"self":[{"href":"https:\/\/ciamajareta.es\/fr\/wp-json\/wp\/v2\/pages\/332","targetHints":{"allow":["GET"]}}],"collection":[{"href":"https:\/\/ciamajareta.es\/fr\/wp-json\/wp\/v2\/pages"}],"about":[{"href":"https:\/\/ciamajareta.es\/fr\/wp-json\/wp\/v2\/types\/page"}],"author":[{"embeddable":true,"href":"https:\/\/ciamajareta.es\/fr\/wp-json\/wp\/v2\/users\/3"}],"replies":[{"embeddable":true,"href":"https:\/\/ciamajareta.es\/fr\/wp-json\/wp\/v2\/comments?post=332"}],"version-history":[{"count":99,"href":"https:\/\/ciamajareta.es\/fr\/wp-json\/wp\/v2\/pages\/332\/revisions"}],"predecessor-version":[{"id":2714,"href":"https:\/\/ciamajareta.es\/fr\/wp-json\/wp\/v2\/pages\/332\/revisions\/2714"}],"wp:featuredmedia":[{"embeddable":true,"href":"https:\/\/ciamajareta.es\/fr\/wp-json\/wp\/v2\/media\/1929"}],"wp:attachment":[{"href":"https:\/\/ciamajareta.es\/fr\/wp-json\/wp\/v2\/media?parent=332"}],"curies":[{"name":"wp","href":"https:\/\/api.w.org\/{rel}","templated":true}]}}