{"id":320,"date":"2024-05-22T12:01:44","date_gmt":"2024-05-22T10:01:44","guid":{"rendered":"https:\/\/ciamajareta.es\/?page_id=320"},"modified":"2026-01-28T01:32:25","modified_gmt":"2026-01-28T00:32:25","slug":"nosotros","status":"publish","type":"page","link":"https:\/\/ciamajareta.es\/fr\/lentreprise\/","title":{"rendered":"Nous"},"content":{"rendered":"<div data-elementor-type=\"wp-page\" data-elementor-id=\"320\" class=\"elementor elementor-320\" data-elementor-post-type=\"page\">\n\t\t\t\t<div class=\"elementor-element elementor-element-edd9382 e-flex e-con-boxed e-con e-parent\" data-id=\"edd9382\" data-element_type=\"container\" data-e-type=\"container\">\n\t\t\t\t\t<div class=\"e-con-inner\">\n\t\t\t\t<div class=\"elementor-element elementor-element-5880084 elementor-widget elementor-widget-gallery\" data-id=\"5880084\" data-element_type=\"widget\" data-e-type=\"widget\" data-settings=\"{&quot;aspect_ratio&quot;:&quot;1:1&quot;,&quot;gap&quot;:{&quot;unit&quot;:&quot;px&quot;,&quot;size&quot;:20,&quot;sizes&quot;:[]},&quot;columns&quot;:5,&quot;lazyload&quot;:&quot;yes&quot;,&quot;gallery_layout&quot;:&quot;grid&quot;,&quot;columns_tablet&quot;:2,&quot;columns_mobile&quot;:1,&quot;gap_laptop&quot;:{&quot;unit&quot;:&quot;px&quot;,&quot;size&quot;:10,&quot;sizes&quot;:[]},&quot;gap_tablet&quot;:{&quot;unit&quot;:&quot;px&quot;,&quot;size&quot;:10,&quot;sizes&quot;:[]},&quot;gap_mobile&quot;:{&quot;unit&quot;:&quot;px&quot;,&quot;size&quot;:10,&quot;sizes&quot;:[]},&quot;link_to&quot;:&quot;file&quot;,&quot;overlay_background&quot;:&quot;yes&quot;,&quot;content_hover_animation&quot;:&quot;fade-in&quot;}\" data-widget_type=\"gallery.default\">\n\t\t\t\t<div class=\"elementor-widget-container\">\n\t\t\t\t\t\t\t<div class=\"elementor-gallery__container\">\n\t\t\t\t\t\t\t<a class=\"e-gallery-item elementor-gallery-item elementor-animated-content\" href=\"https:\/\/ciamajareta.es\/wp-content\/uploads\/2025\/11\/FANFARE-ROYAL-CIA-MAJARETA-PRODUCTIONS-1.jpg\" data-elementor-open-lightbox=\"yes\" data-elementor-lightbox-slideshow=\"5880084\" data-e-action-hash=\"#elementor-action%3Aaction%3Dlightbox%26settings%3DeyJpZCI6MjY2OCwidXJsIjoiaHR0cHM6XC9cL2NpYW1hamFyZXRhLmVzXC93cC1jb250ZW50XC91cGxvYWRzXC8yMDI1XC8xMVwvRkFORkFSRS1ST1lBTC1DSUEtTUFKQVJFVEEtUFJPRFVDVElPTlMtMS5qcGciLCJzbGlkZXNob3ciOiI1ODgwMDg0In0%3D\">\n\t\t\t\t\t<div class=\"e-gallery-image elementor-gallery-item__image\" data-thumbnail=\"https:\/\/ciamajareta.es\/wp-content\/uploads\/2025\/11\/FANFARE-ROYAL-CIA-MAJARETA-PRODUCTIONS-1.jpg\" data-width=\"1080\" data-height=\"1439\" aria-label=\"\" role=\"img\" ><\/div>\n\t\t\t\t\t\t\t\t\t\t\t<div class=\"elementor-gallery-item__overlay\"><\/div>\n\t\t\t\t\t\t\t\t\t\t\t\t\t\t<\/a>\n\t\t\t\t\t\t\t<a class=\"e-gallery-item elementor-gallery-item elementor-animated-content\" href=\"https:\/\/ciamajareta.es\/wp-content\/uploads\/2024\/07\/1737309443366.jpg\" data-elementor-open-lightbox=\"yes\" data-elementor-lightbox-slideshow=\"5880084\" data-e-action-hash=\"#elementor-action%3Aaction%3Dlightbox%26settings%3DeyJpZCI6MjYyMCwidXJsIjoiaHR0cHM6XC9cL2NpYW1hamFyZXRhLmVzXC93cC1jb250ZW50XC91cGxvYWRzXC8yMDI0XC8wN1wvMTczNzMwOTQ0MzM2Ni5qcGciLCJzbGlkZXNob3ciOiI1ODgwMDg0In0%3D\">\n\t\t\t\t\t<div class=\"e-gallery-image elementor-gallery-item__image\" data-thumbnail=\"https:\/\/ciamajareta.es\/wp-content\/uploads\/2024\/07\/1737309443366.jpg\" data-width=\"1080\" data-height=\"1350\" aria-label=\"\" role=\"img\" ><\/div>\n\t\t\t\t\t\t\t\t\t\t\t<div class=\"elementor-gallery-item__overlay\"><\/div>\n\t\t\t\t\t\t\t\t\t\t\t\t\t\t<\/a>\n\t\t\t\t\t\t\t<a class=\"e-gallery-item elementor-gallery-item elementor-animated-content\" href=\"https:\/\/ciamajareta.es\/wp-content\/uploads\/2024\/05\/IMG_20250301_184610_1-scaled.jpg\" data-elementor-open-lightbox=\"yes\" data-elementor-lightbox-slideshow=\"5880084\" data-e-action-hash=\"#elementor-action%3Aaction%3Dlightbox%26settings%3DeyJpZCI6MjU0MywidXJsIjoiaHR0cHM6XC9cL2NpYW1hamFyZXRhLmVzXC93cC1jb250ZW50XC91cGxvYWRzXC8yMDI0XC8wNVwvSU1HXzIwMjUwMzAxXzE4NDYxMF8xLXNjYWxlZC5qcGciLCJzbGlkZXNob3ciOiI1ODgwMDg0In0%3D\">\n\t\t\t\t\t<div class=\"e-gallery-image elementor-gallery-item__image\" data-thumbnail=\"https:\/\/ciamajareta.es\/wp-content\/uploads\/2024\/05\/IMG_20250301_184610_1-scaled.jpg\" data-width=\"1920\" data-height=\"2560\" aria-label=\"\" role=\"img\" ><\/div>\n\t\t\t\t\t\t\t\t\t\t\t<div class=\"elementor-gallery-item__overlay\"><\/div>\n\t\t\t\t\t\t\t\t\t\t\t\t\t\t<\/a>\n\t\t\t\t\t\t\t<a class=\"e-gallery-item elementor-gallery-item elementor-animated-content\" href=\"https:\/\/ciamajareta.es\/wp-content\/uploads\/2024\/05\/1742329048697-scaled.jpg\" data-elementor-open-lightbox=\"yes\" data-elementor-lightbox-slideshow=\"5880084\" data-e-action-hash=\"#elementor-action%3Aaction%3Dlightbox%26settings%3DeyJpZCI6MjUyMiwidXJsIjoiaHR0cHM6XC9cL2NpYW1hamFyZXRhLmVzXC93cC1jb250ZW50XC91cGxvYWRzXC8yMDI0XC8wNVwvMTc0MjMyOTA0ODY5Ny1zY2FsZWQuanBnIiwic2xpZGVzaG93IjoiNTg4MDA4NCJ9\">\n\t\t\t\t\t<div class=\"e-gallery-image elementor-gallery-item__image\" data-thumbnail=\"https:\/\/ciamajareta.es\/wp-content\/uploads\/2024\/05\/1742329048697-scaled.jpg\" data-width=\"1150\" data-height=\"2560\" aria-label=\"\" role=\"img\" ><\/div>\n\t\t\t\t\t\t\t\t\t\t\t<div class=\"elementor-gallery-item__overlay\"><\/div>\n\t\t\t\t\t\t\t\t\t\t\t\t\t\t<\/a>\n\t\t\t\t\t\t\t<a class=\"e-gallery-item elementor-gallery-item elementor-animated-content\" href=\"https:\/\/ciamajareta.es\/wp-content\/uploads\/2024\/05\/SummerFestivalGL303-2-scaled.jpg\" data-elementor-open-lightbox=\"yes\" data-elementor-lightbox-slideshow=\"5880084\" data-e-action-hash=\"#elementor-action%3Aaction%3Dlightbox%26settings%3DeyJpZCI6MjM5NCwidXJsIjoiaHR0cHM6XC9cL2NpYW1hamFyZXRhLmVzXC93cC1jb250ZW50XC91cGxvYWRzXC8yMDI0XC8wNVwvU3VtbWVyRmVzdGl2YWxHTDMwMy0yLXNjYWxlZC5qcGciLCJzbGlkZXNob3ciOiI1ODgwMDg0In0%3D\">\n\t\t\t\t\t<div class=\"e-gallery-image elementor-gallery-item__image\" data-thumbnail=\"https:\/\/ciamajareta.es\/wp-content\/uploads\/2024\/05\/SummerFestivalGL303-2-scaled.jpg\" data-width=\"2560\" data-height=\"1707\" aria-label=\"\" role=\"img\" ><\/div>\n\t\t\t\t\t\t\t\t\t\t\t<div class=\"elementor-gallery-item__overlay\"><\/div>\n\t\t\t\t\t\t\t\t\t\t\t\t\t\t<\/a>\n\t\t\t\t\t<\/div>\n\t\t\t\t\t<\/div>\n\t\t\t\t<\/div>\n\t\t\t\t\t<\/div>\n\t\t\t\t<\/div>\n\t\t<div class=\"elementor-element elementor-element-40241ac6 e-flex e-con-boxed e-con e-parent\" data-id=\"40241ac6\" data-element_type=\"container\" data-e-type=\"container\">\n\t\t\t\t\t<div class=\"e-con-inner\">\n\t\t<div class=\"elementor-element elementor-element-2c55ac73 e-con-full e-flex e-con e-child\" data-id=\"2c55ac73\" data-element_type=\"container\" data-e-type=\"container\">\n\t\t\t\t<div class=\"elementor-element elementor-element-239bd003 elementor-invisible elementor-widget elementor-widget-qi_addons_for_elementor_animated_text\" data-id=\"239bd003\" data-element_type=\"widget\" data-e-type=\"widget\" data-settings=\"{&quot;_animation&quot;:&quot;fadeInUp&quot;}\" data-widget_type=\"qi_addons_for_elementor_animated_text.default\">\n\t\t\t\t<div class=\"elementor-widget-container\">\n\t\t\t\t\t<div class=\"qodef-shortcode qodef-m qodef-qi-animated-text qodef--animated-by-word qodef-qi--has-appear qodef--appear-from-bottom\" >\n\t\t<h3 class=\"qodef-m-title\">\n\t\t<span class=\"qodef-e-word\">Nous<\/span>\t<\/h3>\n<\/div>\n\t\t\t\t<\/div>\n\t\t\t\t<\/div>\n\t\t\t\t<div class=\"elementor-element elementor-element-54170759 elementor-widget__width-initial elementor-widget-mobile__width-inherit elementor-invisible elementor-widget elementor-widget-text-editor\" data-id=\"54170759\" data-element_type=\"widget\" data-e-type=\"widget\" data-settings=\"{&quot;_animation&quot;:&quot;fadeInUp&quot;}\" data-widget_type=\"text-editor.default\">\n\t\t\t\t<div class=\"elementor-widget-container\">\n\t\t\t\t\t\t\t\t\t<p>Cia Majareta Productions est le r\u00e9sultat d'un travail de recherche visant \u00e0 apporter des spectacles de qualit\u00e9 professionnelle dans la rue.<\/p><p>La ciudad es el escenario experimental de los artistas, utilizando el entorno para estimular su creaci\u00f3n, su deseo de transmitir una mirada \u00abm\u00e1s po\u00e9tica\u00bb a lo cotidiano.<\/p><p>Desde sus inicios, la compa\u00f1\u00eda est\u00e1 comprometida con una forma de aprendizaje donde la improvisaci\u00f3n y la exploraci\u00f3n de nuevos lenguajes, son cruciales a lo largo de todo su proceso creativo.<\/p><p>Jos\u00e9 Mu\u00f1oz, es el fundador y director de la compa\u00f1\u00eda. Su capacidad creativa le ha llevado a desarrollar m\u00e1s all\u00e1 de los efectos visuales, entre otras cosas, los temas de fiestas populares, ferias, festivales, reuniones p\u00fablicas y celebraciones tradicionales, en su deseo de unir a las personas.<\/p><p>\u00a0<\/p>\t\t\t\t\t\t\t\t<\/div>\n\t\t\t\t<\/div>\n\t\t\t\t<\/div>\n\t\t\t\t<div class=\"elementor-element elementor-element-dbce8af elementor-widget__width-initial elementor-widget elementor-widget-image\" data-id=\"dbce8af\" data-element_type=\"widget\" data-e-type=\"widget\" data-widget_type=\"image.default\">\n\t\t\t\t<div class=\"elementor-widget-container\">\n\t\t\t\t\t\t\t\t\t\t\t\t\t\t\t<img fetchpriority=\"high\" decoding=\"async\" width=\"731\" height=\"628\" src=\"https:\/\/ciamajareta.es\/wp-content\/uploads\/2025\/02\/Mural-QR-Pequeno.png\" class=\"attachment-full size-full wp-image-2474\" alt=\"\" srcset=\"https:\/\/ciamajareta.es\/wp-content\/uploads\/2025\/02\/Mural-QR-Pequeno.png 731w, https:\/\/ciamajareta.es\/wp-content\/uploads\/2025\/02\/Mural-QR-Pequeno-300x258.png 300w, https:\/\/ciamajareta.es\/wp-content\/uploads\/2025\/02\/Mural-QR-Pequeno-14x12.png 14w\" sizes=\"(max-width: 731px) 100vw, 731px\" \/>\t\t\t\t\t\t\t\t\t\t\t\t\t\t\t<\/div>\n\t\t\t\t<\/div>\n\t\t\t\t\t<\/div>\n\t\t\t\t<\/div>\n\t\t<div class=\"elementor-element elementor-element-1780e8b e-flex e-con-boxed e-con e-parent\" data-id=\"1780e8b\" data-element_type=\"container\" data-e-type=\"container\">\n\t\t\t\t\t<div class=\"e-con-inner\">\n\t\t<div class=\"elementor-element elementor-element-0f0a6c2 e-flex e-con-boxed e-con e-child\" data-id=\"0f0a6c2\" data-element_type=\"container\" data-e-type=\"container\">\n\t\t\t\t\t<div class=\"e-con-inner\">\n\t\t\t\t<div class=\"elementor-element elementor-element-cb43e6c elementor-widget elementor-widget-image\" data-id=\"cb43e6c\" data-element_type=\"widget\" data-e-type=\"widget\" data-widget_type=\"image.default\">\n\t\t\t\t<div class=\"elementor-widget-container\">\n\t\t\t\t\t\t\t\t\t\t\t\t\t\t\t<img decoding=\"async\" src=\"https:\/\/ciamajareta.es\/wp-content\/uploads\/2025\/08\/FANFARE-ROYAL-CIA-MAJARETA-PRODUCTIONS-4.jpg\" title=\"FANFARE ROYAL CIA MAJARETA PRODUCTIONS (4)\" alt=\"FANFARE ROYAL CIA MAJARETA PRODUCTIONS (4)\" loading=\"lazy\" \/>\t\t\t\t\t\t\t\t\t\t\t\t\t\t\t<\/div>\n\t\t\t\t<\/div>\n\t\t\t\t\t<\/div>\n\t\t\t\t<\/div>\n\t\t<div class=\"elementor-element elementor-element-c4a542e e-flex e-con-boxed e-con e-child\" data-id=\"c4a542e\" data-element_type=\"container\" data-e-type=\"container\" data-settings=\"{&quot;background_background&quot;:&quot;classic&quot;}\">\n\t\t\t\t\t<div class=\"e-con-inner\">\n\t\t\t\t<div class=\"elementor-element elementor-element-e9cb008 elementor-invisible elementor-widget elementor-widget-qi_addons_for_elementor_animated_text\" data-id=\"e9cb008\" data-element_type=\"widget\" data-e-type=\"widget\" data-settings=\"{&quot;_animation&quot;:&quot;fadeInUp&quot;}\" data-widget_type=\"qi_addons_for_elementor_animated_text.default\">\n\t\t\t\t<div class=\"elementor-widget-container\">\n\t\t\t\t\t<div class=\"qodef-shortcode qodef-m qodef-qi-animated-text qodef--animated-by-letter qodef--alignment-left qodef-qi--has-appear qodef--appear-from-bottom\" >\n\t\t<h3 class=\"qodef-m-title\">\n\t\t<span class=\"qodef-e-word-holder\">Avant-propos<\/span>\t<\/h3>\n<\/div>\n\t\t\t\t<\/div>\n\t\t\t\t<\/div>\n\t\t\t\t<div class=\"elementor-element elementor-element-df7ef53 elementor-widget__width-initial elementor-widget-mobile__width-inherit elementor-invisible elementor-widget elementor-widget-text-editor\" data-id=\"df7ef53\" data-element_type=\"widget\" data-e-type=\"widget\" data-settings=\"{&quot;_animation&quot;:&quot;fadeInUp&quot;}\" data-widget_type=\"text-editor.default\">\n\t\t\t\t<div class=\"elementor-widget-container\">\n\t\t\t\t\t\t\t\t\t<pre><em><span style=\"font-weight: 400;\">\"Une exp\u00e9rience v\u00e9cue, pas une exp\u00e9rience pens\u00e9e. Une forme de plaisir o\u00f9 artistes et public convergent vers un \u00e9tat d'esprit commun, o\u00f9 l'esprit est lib\u00e9r\u00e9 et o\u00f9 le sentiment de bonheur s'\u00e9panouit\".<\/span><\/em><\/pre><p><em><span style=\"font-weight: 400;\">\"Le terme Majareta est une expression utilis\u00e9e dans le sud de l'Espagne pour d\u00e9signer une personne ou un groupe de personnes tr\u00e8s extraverties et extravagantes.<\/span><\/em><\/p>\t\t\t\t\t\t\t\t<\/div>\n\t\t\t\t<\/div>\n\t\t\t\t\t<\/div>\n\t\t\t\t<\/div>\n\t\t\t\t\t<\/div>\n\t\t\t\t<\/div>\n\t\t<div class=\"elementor-element elementor-element-a867343 e-flex e-con-boxed e-con e-parent\" data-id=\"a867343\" data-element_type=\"container\" data-e-type=\"container\">\n\t\t\t\t\t<div class=\"e-con-inner\">\n\t\t\t\t<div class=\"elementor-element elementor-element-fd4b1f6 elementor-widget elementor-widget-video\" data-id=\"fd4b1f6\" data-element_type=\"widget\" data-e-type=\"widget\" data-settings=\"{&quot;youtube_url&quot;:&quot;https:\\\/\\\/www.youtube.com\\\/watch?v=vJTIWO3VtQA&quot;,&quot;video_type&quot;:&quot;youtube&quot;,&quot;controls&quot;:&quot;yes&quot;}\" data-widget_type=\"video.default\">\n\t\t\t\t<div class=\"elementor-widget-container\">\n\t\t\t\t\t\t\t<div class=\"elementor-wrapper elementor-open-inline\">\n\t\t\t<div class=\"elementor-video\"><\/div>\t\t<\/div>\n\t\t\t\t\t\t<\/div>\n\t\t\t\t<\/div>\n\t\t\t\t\t<\/div>\n\t\t\t\t<\/div>\n\t\t<div class=\"elementor-element elementor-element-b899f5b e-grid e-con-boxed e-con e-parent\" data-id=\"b899f5b\" data-element_type=\"container\" data-e-type=\"container\">\n\t\t\t\t\t<div class=\"e-con-inner\">\n\t\t\t\t\t<\/div>\n\t\t\t\t<\/div>\n\t\t\t\t<\/div>","protected":false},"excerpt":{"rendered":"<p>Nosotros Cia Majareta Productions, es el resultado de un trabajo de investigaci\u00f3n para llevar a pie de calle espect\u00e1culos profesionales de calidad. La ciudad es el escenario experimental de los artistas, utilizando el entorno para estimular su creaci\u00f3n, su deseo de transmitir una mirada \u00abm\u00e1s po\u00e9tica\u00bb a lo cotidiano. Desde sus inicios, la compa\u00f1\u00eda est\u00e1 [&hellip;]<\/p>\n","protected":false},"author":3,"featured_media":0,"parent":0,"menu_order":0,"comment_status":"closed","ping_status":"closed","template":"elementor_header_footer","meta":{"_joinchat":[],"footnotes":""},"class_list":["post-320","page","type-page","status-publish","hentry"],"yoast_head":"<!-- This site is optimized with the Yoast SEO plugin v27.3 - https:\/\/yoast.com\/product\/yoast-seo-wordpress\/ -->\n<title>Nosotros - CiaMajareta<\/title>\n<meta name=\"robots\" content=\"index, follow, max-snippet:-1, max-image-preview:large, max-video-preview:-1\" \/>\n<link rel=\"canonical\" href=\"https:\/\/ciamajareta.es\/fr\/lentreprise\/\" \/>\n<meta property=\"og:locale\" content=\"fr_FR\" \/>\n<meta property=\"og:type\" content=\"article\" \/>\n<meta property=\"og:title\" content=\"Nosotros - CiaMajareta\" \/>\n<meta property=\"og:description\" content=\"Nosotros Cia Majareta Productions, es el resultado de un trabajo de investigaci\u00f3n para llevar a pie de calle espect\u00e1culos profesionales de calidad. La ciudad es el escenario experimental de los artistas, utilizando el entorno para estimular su creaci\u00f3n, su deseo de transmitir una mirada \u00abm\u00e1s po\u00e9tica\u00bb a lo cotidiano. Desde sus inicios, la compa\u00f1\u00eda est\u00e1 [&hellip;]\" \/>\n<meta property=\"og:url\" content=\"https:\/\/ciamajareta.es\/fr\/lentreprise\/\" \/>\n<meta property=\"og:site_name\" content=\"CiaMajareta\" \/>\n<meta property=\"article:modified_time\" content=\"2026-01-28T00:32:25+00:00\" \/>\n<meta property=\"og:image\" content=\"https:\/\/ciamajareta.es\/wp-content\/uploads\/2025\/02\/Mural-QR-Pequeno.png\" \/>\n\t<meta property=\"og:image:width\" content=\"731\" \/>\n\t<meta property=\"og:image:height\" content=\"628\" \/>\n\t<meta property=\"og:image:type\" content=\"image\/png\" \/>\n<meta name=\"twitter:card\" content=\"summary_large_image\" \/>\n<meta name=\"twitter:label1\" content=\"Dur\u00e9e de lecture estim\u00e9e\" \/>\n\t<meta name=\"twitter:data1\" content=\"2 minutes\" \/>\n<script type=\"application\/ld+json\" class=\"yoast-schema-graph\">{\"@context\":\"https:\\\/\\\/schema.org\",\"@graph\":[{\"@type\":\"WebPage\",\"@id\":\"https:\\\/\\\/ciamajareta.es\\\/nosotros\\\/\",\"url\":\"https:\\\/\\\/ciamajareta.es\\\/nosotros\\\/\",\"name\":\"Nosotros - CiaMajareta\",\"isPartOf\":{\"@id\":\"https:\\\/\\\/ciamajareta.es\\\/#website\"},\"primaryImageOfPage\":{\"@id\":\"https:\\\/\\\/ciamajareta.es\\\/nosotros\\\/#primaryimage\"},\"image\":{\"@id\":\"https:\\\/\\\/ciamajareta.es\\\/nosotros\\\/#primaryimage\"},\"thumbnailUrl\":\"https:\\\/\\\/ciamajareta.es\\\/wp-content\\\/uploads\\\/2025\\\/02\\\/Mural-QR-Pequeno.png\",\"datePublished\":\"2024-05-22T10:01:44+00:00\",\"dateModified\":\"2026-01-28T00:32:25+00:00\",\"breadcrumb\":{\"@id\":\"https:\\\/\\\/ciamajareta.es\\\/nosotros\\\/#breadcrumb\"},\"inLanguage\":\"fr-FR\",\"potentialAction\":[{\"@type\":\"ReadAction\",\"target\":[\"https:\\\/\\\/ciamajareta.es\\\/nosotros\\\/\"]}]},{\"@type\":\"ImageObject\",\"inLanguage\":\"fr-FR\",\"@id\":\"https:\\\/\\\/ciamajareta.es\\\/nosotros\\\/#primaryimage\",\"url\":\"https:\\\/\\\/ciamajareta.es\\\/wp-content\\\/uploads\\\/2025\\\/02\\\/Mural-QR-Pequeno.png\",\"contentUrl\":\"https:\\\/\\\/ciamajareta.es\\\/wp-content\\\/uploads\\\/2025\\\/02\\\/Mural-QR-Pequeno.png\"},{\"@type\":\"BreadcrumbList\",\"@id\":\"https:\\\/\\\/ciamajareta.es\\\/nosotros\\\/#breadcrumb\",\"itemListElement\":[{\"@type\":\"ListItem\",\"position\":1,\"name\":\"Portada\",\"item\":\"https:\\\/\\\/ciamajareta.es\\\/\"},{\"@type\":\"ListItem\",\"position\":2,\"name\":\"Nosotros\"}]},{\"@type\":\"WebSite\",\"@id\":\"https:\\\/\\\/ciamajareta.es\\\/#website\",\"url\":\"https:\\\/\\\/ciamajareta.es\\\/\",\"name\":\"CiaMajareta\",\"description\":\"Empresa dedicada a la producci\u00f3n y ejecuci\u00f3n de espect\u00e1culos de calle a nivel internacional.\",\"publisher\":{\"@id\":\"https:\\\/\\\/ciamajareta.es\\\/#organization\"},\"potentialAction\":[{\"@type\":\"SearchAction\",\"target\":{\"@type\":\"EntryPoint\",\"urlTemplate\":\"https:\\\/\\\/ciamajareta.es\\\/?s={search_term_string}\"},\"query-input\":{\"@type\":\"PropertyValueSpecification\",\"valueRequired\":true,\"valueName\":\"search_term_string\"}}],\"inLanguage\":\"fr-FR\"},{\"@type\":\"Organization\",\"@id\":\"https:\\\/\\\/ciamajareta.es\\\/#organization\",\"name\":\"CiaMajareta\",\"url\":\"https:\\\/\\\/ciamajareta.es\\\/\",\"logo\":{\"@type\":\"ImageObject\",\"inLanguage\":\"fr-FR\",\"@id\":\"https:\\\/\\\/ciamajareta.es\\\/#\\\/schema\\\/logo\\\/image\\\/\",\"url\":\"https:\\\/\\\/ciamajareta.es\\\/wp-content\\\/uploads\\\/2024\\\/05\\\/Mural-QR-Pequeno.png\",\"contentUrl\":\"https:\\\/\\\/ciamajareta.es\\\/wp-content\\\/uploads\\\/2024\\\/05\\\/Mural-QR-Pequeno.png\",\"width\":731,\"height\":628,\"caption\":\"CiaMajareta\"},\"image\":{\"@id\":\"https:\\\/\\\/ciamajareta.es\\\/#\\\/schema\\\/logo\\\/image\\\/\"}}]}<\/script>\n<!-- \/ Yoast SEO plugin. -->","yoast_head_json":{"title":"\u00c0 propos de nous - CiaMajareta","robots":{"index":"index","follow":"follow","max-snippet":"max-snippet:-1","max-image-preview":"max-image-preview:large","max-video-preview":"max-video-preview:-1"},"canonical":"https:\/\/ciamajareta.es\/fr\/lentreprise\/","og_locale":"fr_FR","og_type":"article","og_title":"Nosotros - CiaMajareta","og_description":"Nosotros Cia Majareta Productions, es el resultado de un trabajo de investigaci\u00f3n para llevar a pie de calle espect\u00e1culos profesionales de calidad. La ciudad es el escenario experimental de los artistas, utilizando el entorno para estimular su creaci\u00f3n, su deseo de transmitir una mirada \u00abm\u00e1s po\u00e9tica\u00bb a lo cotidiano. Desde sus inicios, la compa\u00f1\u00eda est\u00e1 [&hellip;]","og_url":"https:\/\/ciamajareta.es\/fr\/lentreprise\/","og_site_name":"CiaMajareta","article_modified_time":"2026-01-28T00:32:25+00:00","og_image":[{"width":731,"height":628,"url":"https:\/\/ciamajareta.es\/wp-content\/uploads\/2025\/02\/Mural-QR-Pequeno.png","type":"image\/png"}],"twitter_card":"summary_large_image","twitter_misc":{"Dur\u00e9e de lecture estim\u00e9e":"2 minutes"},"schema":{"@context":"https:\/\/schema.org","@graph":[{"@type":"WebPage","@id":"https:\/\/ciamajareta.es\/nosotros\/","url":"https:\/\/ciamajareta.es\/nosotros\/","name":"\u00c0 propos de nous - CiaMajareta","isPartOf":{"@id":"https:\/\/ciamajareta.es\/#website"},"primaryImageOfPage":{"@id":"https:\/\/ciamajareta.es\/nosotros\/#primaryimage"},"image":{"@id":"https:\/\/ciamajareta.es\/nosotros\/#primaryimage"},"thumbnailUrl":"https:\/\/ciamajareta.es\/wp-content\/uploads\/2025\/02\/Mural-QR-Pequeno.png","datePublished":"2024-05-22T10:01:44+00:00","dateModified":"2026-01-28T00:32:25+00:00","breadcrumb":{"@id":"https:\/\/ciamajareta.es\/nosotros\/#breadcrumb"},"inLanguage":"fr-FR","potentialAction":[{"@type":"ReadAction","target":["https:\/\/ciamajareta.es\/nosotros\/"]}]},{"@type":"ImageObject","inLanguage":"fr-FR","@id":"https:\/\/ciamajareta.es\/nosotros\/#primaryimage","url":"https:\/\/ciamajareta.es\/wp-content\/uploads\/2025\/02\/Mural-QR-Pequeno.png","contentUrl":"https:\/\/ciamajareta.es\/wp-content\/uploads\/2025\/02\/Mural-QR-Pequeno.png"},{"@type":"BreadcrumbList","@id":"https:\/\/ciamajareta.es\/nosotros\/#breadcrumb","itemListElement":[{"@type":"ListItem","position":1,"name":"Portada","item":"https:\/\/ciamajareta.es\/"},{"@type":"ListItem","position":2,"name":"Nosotros"}]},{"@type":"WebSite","@id":"https:\/\/ciamajareta.es\/#website","url":"https:\/\/ciamajareta.es\/","name":"CiaMajareta","description":"Soci\u00e9t\u00e9 d\u00e9di\u00e9e \u00e0 la production et \u00e0 l'ex\u00e9cution de spectacles de rue au niveau international.","publisher":{"@id":"https:\/\/ciamajareta.es\/#organization"},"potentialAction":[{"@type":"SearchAction","target":{"@type":"EntryPoint","urlTemplate":"https:\/\/ciamajareta.es\/?s={search_term_string}"},"query-input":{"@type":"PropertyValueSpecification","valueRequired":true,"valueName":"search_term_string"}}],"inLanguage":"fr-FR"},{"@type":"Organization","@id":"https:\/\/ciamajareta.es\/#organization","name":"CiaMajareta","url":"https:\/\/ciamajareta.es\/","logo":{"@type":"ImageObject","inLanguage":"fr-FR","@id":"https:\/\/ciamajareta.es\/#\/schema\/logo\/image\/","url":"https:\/\/ciamajareta.es\/wp-content\/uploads\/2024\/05\/Mural-QR-Pequeno.png","contentUrl":"https:\/\/ciamajareta.es\/wp-content\/uploads\/2024\/05\/Mural-QR-Pequeno.png","width":731,"height":628,"caption":"CiaMajareta"},"image":{"@id":"https:\/\/ciamajareta.es\/#\/schema\/logo\/image\/"}}]}},"_links":{"self":[{"href":"https:\/\/ciamajareta.es\/fr\/wp-json\/wp\/v2\/pages\/320","targetHints":{"allow":["GET"]}}],"collection":[{"href":"https:\/\/ciamajareta.es\/fr\/wp-json\/wp\/v2\/pages"}],"about":[{"href":"https:\/\/ciamajareta.es\/fr\/wp-json\/wp\/v2\/types\/page"}],"author":[{"embeddable":true,"href":"https:\/\/ciamajareta.es\/fr\/wp-json\/wp\/v2\/users\/3"}],"replies":[{"embeddable":true,"href":"https:\/\/ciamajareta.es\/fr\/wp-json\/wp\/v2\/comments?post=320"}],"version-history":[{"count":156,"href":"https:\/\/ciamajareta.es\/fr\/wp-json\/wp\/v2\/pages\/320\/revisions"}],"predecessor-version":[{"id":2690,"href":"https:\/\/ciamajareta.es\/fr\/wp-json\/wp\/v2\/pages\/320\/revisions\/2690"}],"wp:attachment":[{"href":"https:\/\/ciamajareta.es\/fr\/wp-json\/wp\/v2\/media?parent=320"}],"curies":[{"name":"wp","href":"https:\/\/api.w.org\/{rel}","templated":true}]}}