{"id":3,"date":"2024-05-21T16:18:25","date_gmt":"2024-05-21T14:18:25","guid":{"rendered":"https:\/\/ciamajareta.es\/?page_id=3"},"modified":"2024-09-09T18:14:27","modified_gmt":"2024-09-09T16:14:27","slug":"privacidad","status":"publish","type":"page","link":"https:\/\/ciamajareta.es\/en\/privacy\/","title":{"rendered":"Privacy policy"},"content":{"rendered":"<div data-elementor-type=\"wp-page\" data-elementor-id=\"3\" class=\"elementor elementor-3\" data-elementor-post-type=\"page\">\n\t\t\t\t<div class=\"elementor-element elementor-element-6f2f73d e-flex e-con-boxed e-con e-parent\" data-id=\"6f2f73d\" data-element_type=\"container\" data-e-type=\"container\" data-settings=\"{&quot;background_background&quot;:&quot;classic&quot;}\">\n\t\t\t\t\t<div class=\"e-con-inner\">\n\t\t\t\t\t<\/div>\n\t\t\t\t<\/div>\n\t\t<div class=\"elementor-element elementor-element-95376b6 e-flex e-con-boxed e-con e-parent\" data-id=\"95376b6\" data-element_type=\"container\" data-e-type=\"container\">\n\t\t\t\t\t<div class=\"e-con-inner\">\n\t\t\t\t<div class=\"elementor-element elementor-element-48bf564 elementor-widget elementor-widget-text-editor\" data-id=\"48bf564\" data-element_type=\"widget\" data-e-type=\"widget\" data-widget_type=\"text-editor.default\">\n\t\t\t\t<div class=\"elementor-widget-container\">\n\t\t\t\t\t\t\t\t\t<h3>I. PRIVACY AND DATA PROTECTION POLICY<\/h3><p>Respecting the provisions of the legislation in force,\u00a0<span class=\"blanc-space ng-binding\">CiaMajareta<\/span>\u00a0(hereinafter also Website) undertakes to adopt the necessary technical and organisational measures, according to the level of security appropriate to the risk of the data collected.<\/p><h4>Laws incorporated in this privacy policy<\/h4><p>This privacy policy is adapted to current Spanish and European legislation on the protection of personal data on the Internet. Specifically, it respects the following rules:<\/p><ul><li>Regulation (EU) 2016\/679 of the European Parliament and of the Council of 27 April 2016 on the protection of natural persons with regard to the processing of personal data and on the free movement of such data (GDPR).<\/li><li>Organic Law 3\/2018, of 5 December, on the Protection of Personal Data and Guarantee of Digital Rights (LOPD-GDD).<\/li><li>Royal Decree 1720\/2007, of 21 December, approving the Regulation implementing Organic Law 15\/1999, of 13 December, on the Protection of Personal Data (RDLOPD).<\/li><li>Law 34\/2002, of 11 July, on Information Society Services and Electronic Commerce (LSSI-CE).<\/li><\/ul><h4>Identity of the controller processing the personal data<\/h4><p>The controller responsible for processing personal data collected in\u00a0<span class=\"blanc-space ng-binding\">CiaMajareta<\/span>\u00a0en:\u00a0<span class=\"blanc-space ng-binding\">JOS\u00c9 ANTONIO MU\u00d1OZ CASTILLO<\/span>with NIF:\u00a0<span class=\"blanc-space ng-binding\">47511510L<\/span>\u00a0(hereinafter, the Data Controller). Its contact details are as follows:<\/p><p>Address:\u00a0<span class=\"blanc-space ng-binding\">C\/San Juan de Rivera 14 La Rinconada, 41309, Sevilla<\/span><\/p><p>Contact telephone number:\u00a0<span class=\"blanc-space ng-binding\">618472968<\/span><\/p><p>Contact email:\u00a0<span class=\"blanc-space ng-binding\">ciamajareta@gmail.com<\/span><\/p><h4>Register of Personal Data<\/h4><p>In compliance with the provisions of the RGPD and the LOPD-GDD, we inform you that the personal data gathered by\u00a0<span class=\"blanc-space ng-binding\">CiaMajareta<\/span>by means of the forms provided on its pages will be incorporated and processed in our file in order to facilitate, expedite and fulfil the commitments established between\u00a0<span class=\"blanc-space ng-binding\">CiaMajareta<\/span>\u00a0and the User or the maintenance of the relationship established in the forms filled in by the User, or to respond to a request or query from the User. Likewise, in accordance with the provisions of the RGPD and the LOPD-GDD, unless the exception provided for in article 30.5 of the RGPD applies, a register of processing activities is kept which specifies, according to its purposes, the processing activities carried out and the other circumstances established in the RGPD.<\/p><h4>Principles applicable to the processing of personal data<\/h4><p>The processing of the User's personal data shall be subject to the following principles set out in article 5 of the RGPD and in article 4 and following of Organic Law 3\/2018, of 5 December, on the Protection of Personal Data and the guarantee of digital rights:<\/p><ul><li>Principle of lawfulness, fairness and transparency: the consent of the User shall be required at all times after full and transparent information on the purposes for which the personal data are collected.<\/li><li>Purpose limitation principle: personal data will be collected for specified, explicit and legitimate purposes.<\/li><li>Principle of data minimisation: the personal data collected will be only those strictly necessary in relation to the purposes for which they are processed.<\/li><li>Principle of accuracy: personal data must be accurate and always up to date.<\/li><li>Principle of limitation of the storage period: personal data will only be kept in a form that allows the identification of the User for the time necessary for the purposes of their processing.<\/li><li>Principle of integrity and confidentiality: personal data shall be processed in a manner that ensures their security and confidentiality.<\/li><li>Proactive accountability principle: the Controller shall be responsible for ensuring that the above principles are complied with.<\/li><\/ul><h4>Categories of personal data<\/h4><p>The categories of data processed in\u00a0<span class=\"blanc-space ng-binding\">CiaMajareta<\/span>\u00a0are solely identification data. Under no circumstances are special categories of personal data processed within the meaning of Article 9 of the GDPR.<\/p><h4>Legal basis for the processing of personal data<\/h4><p>The legal basis for the processing of personal data is consent.\u00a0<span class=\"blanc-space ng-binding\">CiaMajareta<\/span>\u00a0undertakes to obtain the express and verifiable consent of the User to the processing of his or her personal data for one or more specific purposes.<\/p><p>The User shall have the right to withdraw consent at any time. It shall be as easy to withdraw consent as it is to give it. As a general rule, withdrawal of consent shall not condition the use of the Website.<\/p><p>On those occasions when the User must or may provide his\/her data through forms to make enquiries, request information or for reasons related to the content of the Website, he\/she will be informed in the event that the completion of any of them is compulsory due to the fact that they are essential for the correct development of the operation carried out.<\/p><h4>Purposes of the processing for which the personal data are used<\/h4><p>Personal data is collected and managed by\u00a0<span class=\"blanc-space ng-binding\">CiaMajareta<\/span>\u00a0in order to facilitate, speed up and fulfil the commitments established between the Website and the User or to maintain the relationship established in the forms filled in by the latter or to attend to a request or query.<\/p><p>Likewise, the data may be used for commercial, personalisation, operational and statistical purposes, as well as for activities related to the company's corporate purpose.\u00a0<span class=\"blanc-space ng-binding\">CiaMajareta<\/span>The data collected, stored and used for marketing studies to adapt the Content offered to the User, as well as to improve the quality, operation and browsing of the Website.<\/p><p>At the time the personal data is collected, the User will be informed about the specific purpose(s) of the processing for which the personal data will be used, i.e. the use(s) to which the collected information will be put.<\/p><h4>Retention periods for personal data<\/h4><p>Personal data will only be retained for the minimum time necessary for the purposes of their processing and, in any case, only for the following period:\u00a0<span class=\"blanc-space ng-binding\">18 months<\/span>or until the User requests its deletion.<\/p><p>At the time personal data is obtained, the User will be informed of the period for which the personal data will be retained or, where this is not possible, the criteria used to determine this period.<\/p><h4>Recipients of personal data<\/h4><p class=\"\">The User's personal data will not be shared with third parties.<\/p><p class=\"\">In any case, at the time the personal data is collected, the User will be informed about the recipients or categories of recipients of the personal data.<\/p><h4>Personal data of minors<\/h4><p>In accordance with the provisions of Articles 8 of the GDPR and 7 of Organic Law 3\/2018, of 5 December, on the Protection of Personal Data and the guarantee of digital rights, only persons over 14 years of age may give their consent to the processing of their personal data in a lawful way by\u00a0<span class=\"blanc-space ng-binding\">CiaMajareta<\/span>. In the case of a child under 14 years of age, the consent of the parents or guardians is required for the processing, and the processing is only lawful to the extent that the parents or guardians have given their consent.<\/p><h4>Secrecy and security of personal data<\/h4><p><span class=\"blanc-space ng-binding\">CiaMajareta<\/span>\u00a0undertakes to adopt the necessary technical and organisational measures, according to the level of security appropriate to the risk of the data collected, so as to ensure the security of personal data and to prevent the accidental or unlawful destruction, loss or alteration of personal data transmitted, stored or otherwise processed, or the unauthorised communication of or access to such data.<\/p><p>However, because\u00a0<span class=\"blanc-space ng-binding\">CiaMajareta<\/span>\u00a0cannot guarantee the impregnability of the Internet or the total absence of hackers or others who fraudulently access personal data, the Data Controller undertakes to notify the User without undue delay when a breach of security of personal data occurs that is likely to result in a high risk to the rights and freedoms of natural persons. In accordance with Article 4 of the GDPR, a breach of security of personal data means any breach of security resulting in the accidental or unlawful destruction, loss or alteration of personal data transmitted, stored or otherwise processed, or the unauthorised disclosure of or access to such data.<\/p><p>Personal data will be treated as confidential by the Data Controller, who undertakes to inform and to ensure by means of a legal or contractual obligation that such confidentiality is respected by its employees, partners, and any other person to whom it makes the information accessible.<\/p><h4>Rights arising from the processing of personal data<\/h4><p>The User has over\u00a0<span class=\"blanc-space ng-binding\">CiaMajareta<\/span>\u00a0and may, therefore, exercise the following rights recognised in the GDPR and Organic Law 3\/2018, of 5 December, on the Protection of Personal Data and the guarantee of digital rights against the Data Controller:<\/p><ul><li><i>Right of access:<\/i>\u00a0It is the User's right to obtain confirmation of whether or not\u00a0<span class=\"blanc-space ng-binding\">CiaMajareta<\/span>\u00a0is or is not processing your personal data and, if so, to obtain information about your specific personal data and the processing that\u00a0<span class=\"blanc-space ng-binding\">CiaMajareta<\/span>\u00a0The data subject shall also be informed of the information available on the origin of such data and the recipients of the communications made or intended to be made of such data.<\/li><li><i>Right of rectification:<\/i>\u00a0This is the User's right to have his or her personal data amended if it proves to be inaccurate or, having regard to the purposes of the processing, incomplete.<\/li><li><i>Right of erasure (\"the right to be forgotten\"):<\/i>\u00a0This is the User's right, unless otherwise provided for by law, to obtain the erasure of his or her personal data when they are no longer necessary for the purposes for which they were collected or processed; the User has withdrawn his or her consent to the processing and there is no other lawful basis for the processing; the User objects to the processing and there is no other legitimate reason to continue the processing; the personal data have been processed unlawfully; the personal data must be erased in compliance with a legal obligation; or the personal data have been obtained as a result of a direct offer of information society services to a child under 14 years of age. In addition to erasure, the Controller shall, taking into account available technology and the cost of its implementation, take reasonable steps to inform controllers who are processing the personal data of the data subject's request for erasure of any link to those personal data.<\/li><li><i>Right to restriction of processing:<\/i>\u00a0This is the User's right to restrict the processing of his or her personal data. The User has the right to obtain the limitation of the processing when he\/she contests the accuracy of his\/her personal data; the processing is unlawful; the Controller no longer needs the personal data, but the User needs it to make claims; and when the User has objected to the processing.<\/li><li><i>Right to data portability:<\/i>\u00a0In case of processing by automated means, the User shall have the right to receive from the Controller his or her personal data in a structured, commonly used and machine-readable format and to transmit them to another controller. Where technically feasible, the Controller shall transmit the data directly to such other controller.<\/li><li><i>Right to object:<\/i>\u00a0This is the User's right not to have his or her personal data processed or to have the processing of such data ceased by\u00a0<span class=\"blanc-space ng-binding\">CiaMajareta<\/span>.<\/li><li><i>The right not to be subject to a decision based solely on automated processing, including profiling:<\/i>\u00a0This is the right of the User not to be subject to an individualised decision based solely on automated processing of his or her personal data, including profiling, unless otherwise provided for by law.<\/li><\/ul><p>Therefore, the User may exercise his\/her rights by means of a written communication addressed to the Data Controller with the reference \"RGPD-.<span class=\"blanc-space ng-binding\">https:\/\/ciamajareta.es\/<\/span>\", specifying:<\/p><ul><li>Name, surname(s) of the User and copy of ID card. In cases where representation is permitted, it will also be necessary to identify by the same means the person representing the User, as well as the document accrediting the representation. The photocopy of the DNI may be substituted by any other legally valid means that accredits identity.<\/li><li>Request with specific reasons for the request or information to be accessed.<\/li><li>Address for the purpose of notifications.<\/li><li>Date and signature of the applicant.<\/li><li>Any document supporting the request you are making.<\/li><\/ul><p>This application and any accompanying documents may be sent to the following address and\/or e-mail address:<\/p><p>Postal address:\u00a0<span class=\"blanc-space ng-binding\">C\/San Juan de Rivera 14 La Rinconada, 41309, Sevilla<\/span><\/p><p>E-mail:\u00a0<span class=\"blanc-space ng-binding\">ciamajareta@gmail.com<\/span><\/p><h4>Links to third party websites<\/h4><p>The Website may include hyperlinks or links that allow access to third party websites other than\u00a0<span class=\"blanc-space ng-binding\">CiaMajareta<\/span>and which are therefore not operated by\u00a0<span class=\"blanc-space ng-binding\">CiaMajareta<\/span>. The owners of such websites will have their own data protection policies, being themselves, in each case, responsible for their own files and their own privacy practices.<\/p><h4>Complaints to the supervisory authority<\/h4><p>In the event that the User considers that there is a problem or infringement of the regulations in force in the way in which his\/her personal data is being processed, he\/she will have the right to effective judicial protection and to lodge a complaint with a supervisory authority, in particular, in the State in which he\/she has his\/her habitual residence, place of work or place of the alleged infringement. In the case of Spain, the supervisory authority is the Spanish Data Protection Agency (https:\/\/www.aepd.es\/).<\/p><h3>II. ACCEPTANCE AND CHANGES TO THIS PRIVACY POLICY<\/h3><p>It is necessary that the User has read and agrees with the conditions on the protection of personal data contained in this Privacy Policy, as well as that he\/she accepts the processing of his\/her personal data so that the Data Controller can proceed in the manner, during the periods and for the purposes indicated. The use of the Website implies acceptance of the Privacy Policy of the same.<\/p><p><span class=\"blanc-space ng-binding\">CiaMajareta<\/span>\u00a0reserves the right to modify its Privacy Policy, according to its own criteria, or motivated by a legislative, jurisprudential or doctrinal change of the Spanish Data Protection Agency. Changes or updates to this Privacy Policy will not be explicitly notified to the User. The User is recommended to consult this page periodically to keep abreast of the latest changes or updates.<\/p><p>This Privacy Policy was updated to adapt to Regulation (EU) 2016\/679 of the European Parliament and of the Council of 27 April 2016 on the protection of natural persons with regard to the processing of personal data and on the free movement of such data (GDPR) and to Organic Law 3\/2018 of 5 December on the Protection of Personal Data and guarantee of digital rights.<\/p>\t\t\t\t\t\t\t\t<\/div>\n\t\t\t\t<\/div>\n\t\t\t\t\t<\/div>\n\t\t\t\t<\/div>\n\t\t\t\t<\/div>","protected":false},"excerpt":{"rendered":"<p>I. POL\u00cdTICA DE PRIVACIDAD Y PROTECCI\u00d3N DE DATOS Respetando lo establecido en la legislaci\u00f3n vigente,\u00a0CiaMajareta\u00a0(en adelante, tambi\u00e9n Sitio Web) se compromete a adoptar las medidas t\u00e9cnicas y organizativas necesarias, seg\u00fan el nivel de seguridad adecuado al riesgo de los datos recogidos. Leyes que incorpora esta pol\u00edtica de privacidad Esta pol\u00edtica de privacidad est\u00e1 adaptada a [&hellip;]<\/p>\n","protected":false},"author":3,"featured_media":0,"parent":0,"menu_order":0,"comment_status":"closed","ping_status":"open","template":"elementor_header_footer","meta":{"_joinchat":[],"footnotes":""},"class_list":["post-3","page","type-page","status-publish","hentry"],"yoast_head":"<!-- This site is optimized with the Yoast SEO plugin v27.3 - https:\/\/yoast.com\/product\/yoast-seo-wordpress\/ -->\n<title>Pol\u00edtica de privacidad - CiaMajareta<\/title>\n<meta name=\"robots\" content=\"noindex, nofollow\" \/>\n<meta property=\"og:locale\" content=\"en_GB\" \/>\n<meta property=\"og:type\" content=\"article\" \/>\n<meta property=\"og:title\" content=\"Pol\u00edtica de privacidad - CiaMajareta\" \/>\n<meta property=\"og:description\" content=\"I. POL\u00cdTICA DE PRIVACIDAD Y PROTECCI\u00d3N DE DATOS Respetando lo establecido en la legislaci\u00f3n vigente,\u00a0CiaMajareta\u00a0(en adelante, tambi\u00e9n Sitio Web) se compromete a adoptar las medidas t\u00e9cnicas y organizativas necesarias, seg\u00fan el nivel de seguridad adecuado al riesgo de los datos recogidos. Leyes que incorpora esta pol\u00edtica de privacidad Esta pol\u00edtica de privacidad est\u00e1 adaptada a [&hellip;]\" \/>\n<meta property=\"og:url\" content=\"https:\/\/ciamajareta.es\/en\/privacy\/\" \/>\n<meta property=\"og:site_name\" content=\"CiaMajareta\" \/>\n<meta property=\"article:modified_time\" content=\"2024-09-09T16:14:27+00:00\" \/>\n<meta name=\"twitter:card\" content=\"summary_large_image\" \/>\n<meta name=\"twitter:label1\" content=\"Estimated reading time\" \/>\n\t<meta name=\"twitter:data1\" content=\"12 minutes\" \/>\n<script type=\"application\/ld+json\" class=\"yoast-schema-graph\">{\"@context\":\"https:\\\/\\\/schema.org\",\"@graph\":[{\"@type\":\"WebPage\",\"@id\":\"https:\\\/\\\/ciamajareta.es\\\/privacidad\\\/\",\"url\":\"https:\\\/\\\/ciamajareta.es\\\/privacidad\\\/\",\"name\":\"Pol\u00edtica de privacidad - CiaMajareta\",\"isPartOf\":{\"@id\":\"https:\\\/\\\/ciamajareta.es\\\/#website\"},\"datePublished\":\"2024-05-21T14:18:25+00:00\",\"dateModified\":\"2024-09-09T16:14:27+00:00\",\"breadcrumb\":{\"@id\":\"https:\\\/\\\/ciamajareta.es\\\/privacidad\\\/#breadcrumb\"},\"inLanguage\":\"en-GB\",\"potentialAction\":[{\"@type\":\"ReadAction\",\"target\":[\"https:\\\/\\\/ciamajareta.es\\\/privacidad\\\/\"]}]},{\"@type\":\"BreadcrumbList\",\"@id\":\"https:\\\/\\\/ciamajareta.es\\\/privacidad\\\/#breadcrumb\",\"itemListElement\":[{\"@type\":\"ListItem\",\"position\":1,\"name\":\"Portada\",\"item\":\"https:\\\/\\\/ciamajareta.es\\\/\"},{\"@type\":\"ListItem\",\"position\":2,\"name\":\"Pol\u00edtica de privacidad\"}]},{\"@type\":\"WebSite\",\"@id\":\"https:\\\/\\\/ciamajareta.es\\\/#website\",\"url\":\"https:\\\/\\\/ciamajareta.es\\\/\",\"name\":\"CiaMajareta\",\"description\":\"Empresa dedicada a la producci\u00f3n y ejecuci\u00f3n de espect\u00e1culos de calle a nivel internacional.\",\"publisher\":{\"@id\":\"https:\\\/\\\/ciamajareta.es\\\/#organization\"},\"potentialAction\":[{\"@type\":\"SearchAction\",\"target\":{\"@type\":\"EntryPoint\",\"urlTemplate\":\"https:\\\/\\\/ciamajareta.es\\\/?s={search_term_string}\"},\"query-input\":{\"@type\":\"PropertyValueSpecification\",\"valueRequired\":true,\"valueName\":\"search_term_string\"}}],\"inLanguage\":\"en-GB\"},{\"@type\":\"Organization\",\"@id\":\"https:\\\/\\\/ciamajareta.es\\\/#organization\",\"name\":\"CiaMajareta\",\"url\":\"https:\\\/\\\/ciamajareta.es\\\/\",\"logo\":{\"@type\":\"ImageObject\",\"inLanguage\":\"en-GB\",\"@id\":\"https:\\\/\\\/ciamajareta.es\\\/#\\\/schema\\\/logo\\\/image\\\/\",\"url\":\"https:\\\/\\\/ciamajareta.es\\\/wp-content\\\/uploads\\\/2024\\\/05\\\/Mural-QR-Pequeno.png\",\"contentUrl\":\"https:\\\/\\\/ciamajareta.es\\\/wp-content\\\/uploads\\\/2024\\\/05\\\/Mural-QR-Pequeno.png\",\"width\":731,\"height\":628,\"caption\":\"CiaMajareta\"},\"image\":{\"@id\":\"https:\\\/\\\/ciamajareta.es\\\/#\\\/schema\\\/logo\\\/image\\\/\"}}]}<\/script>\n<!-- \/ Yoast SEO plugin. -->","yoast_head_json":{"title":"Privacy policy - CiaMajareta","robots":{"index":"noindex","follow":"nofollow"},"og_locale":"en_GB","og_type":"article","og_title":"Pol\u00edtica de privacidad - CiaMajareta","og_description":"I. POL\u00cdTICA DE PRIVACIDAD Y PROTECCI\u00d3N DE DATOS Respetando lo establecido en la legislaci\u00f3n vigente,\u00a0CiaMajareta\u00a0(en adelante, tambi\u00e9n Sitio Web) se compromete a adoptar las medidas t\u00e9cnicas y organizativas necesarias, seg\u00fan el nivel de seguridad adecuado al riesgo de los datos recogidos. Leyes que incorpora esta pol\u00edtica de privacidad Esta pol\u00edtica de privacidad est\u00e1 adaptada a [&hellip;]","og_url":"https:\/\/ciamajareta.es\/en\/privacy\/","og_site_name":"CiaMajareta","article_modified_time":"2024-09-09T16:14:27+00:00","twitter_card":"summary_large_image","twitter_misc":{"Estimated reading time":"12 minutes"},"schema":{"@context":"https:\/\/schema.org","@graph":[{"@type":"WebPage","@id":"https:\/\/ciamajareta.es\/privacidad\/","url":"https:\/\/ciamajareta.es\/privacidad\/","name":"Privacy policy - CiaMajareta","isPartOf":{"@id":"https:\/\/ciamajareta.es\/#website"},"datePublished":"2024-05-21T14:18:25+00:00","dateModified":"2024-09-09T16:14:27+00:00","breadcrumb":{"@id":"https:\/\/ciamajareta.es\/privacidad\/#breadcrumb"},"inLanguage":"en-GB","potentialAction":[{"@type":"ReadAction","target":["https:\/\/ciamajareta.es\/privacidad\/"]}]},{"@type":"BreadcrumbList","@id":"https:\/\/ciamajareta.es\/privacidad\/#breadcrumb","itemListElement":[{"@type":"ListItem","position":1,"name":"Portada","item":"https:\/\/ciamajareta.es\/"},{"@type":"ListItem","position":2,"name":"Pol\u00edtica de privacidad"}]},{"@type":"WebSite","@id":"https:\/\/ciamajareta.es\/#website","url":"https:\/\/ciamajareta.es\/","name":"CiaMajareta","description":"Company dedicated to the production and execution of street shows at an international level.","publisher":{"@id":"https:\/\/ciamajareta.es\/#organization"},"potentialAction":[{"@type":"SearchAction","target":{"@type":"EntryPoint","urlTemplate":"https:\/\/ciamajareta.es\/?s={search_term_string}"},"query-input":{"@type":"PropertyValueSpecification","valueRequired":true,"valueName":"search_term_string"}}],"inLanguage":"en-GB"},{"@type":"Organization","@id":"https:\/\/ciamajareta.es\/#organization","name":"CiaMajareta","url":"https:\/\/ciamajareta.es\/","logo":{"@type":"ImageObject","inLanguage":"en-GB","@id":"https:\/\/ciamajareta.es\/#\/schema\/logo\/image\/","url":"https:\/\/ciamajareta.es\/wp-content\/uploads\/2024\/05\/Mural-QR-Pequeno.png","contentUrl":"https:\/\/ciamajareta.es\/wp-content\/uploads\/2024\/05\/Mural-QR-Pequeno.png","width":731,"height":628,"caption":"CiaMajareta"},"image":{"@id":"https:\/\/ciamajareta.es\/#\/schema\/logo\/image\/"}}]}},"_links":{"self":[{"href":"https:\/\/ciamajareta.es\/en\/wp-json\/wp\/v2\/pages\/3","targetHints":{"allow":["GET"]}}],"collection":[{"href":"https:\/\/ciamajareta.es\/en\/wp-json\/wp\/v2\/pages"}],"about":[{"href":"https:\/\/ciamajareta.es\/en\/wp-json\/wp\/v2\/types\/page"}],"author":[{"embeddable":true,"href":"https:\/\/ciamajareta.es\/en\/wp-json\/wp\/v2\/users\/3"}],"replies":[{"embeddable":true,"href":"https:\/\/ciamajareta.es\/en\/wp-json\/wp\/v2\/comments?post=3"}],"version-history":[{"count":5,"href":"https:\/\/ciamajareta.es\/en\/wp-json\/wp\/v2\/pages\/3\/revisions"}],"predecessor-version":[{"id":2215,"href":"https:\/\/ciamajareta.es\/en\/wp-json\/wp\/v2\/pages\/3\/revisions\/2215"}],"wp:attachment":[{"href":"https:\/\/ciamajareta.es\/en\/wp-json\/wp\/v2\/media?parent=3"}],"curies":[{"name":"wp","href":"https:\/\/api.w.org\/{rel}","templated":true}]}}