{"id":1067,"date":"2024-05-26T17:16:47","date_gmt":"2024-05-26T15:16:47","guid":{"rendered":"https:\/\/ciamajareta.es\/?page_id=1067"},"modified":"2024-09-09T18:15:03","modified_gmt":"2024-09-09T16:15:03","slug":"cookies","status":"publish","type":"page","link":"https:\/\/ciamajareta.es\/en\/cookies\/","title":{"rendered":"Cookie policies"},"content":{"rendered":"<div data-elementor-type=\"wp-page\" data-elementor-id=\"1067\" class=\"elementor elementor-1067\" data-elementor-post-type=\"page\">\n\t\t\t\t<div class=\"elementor-element elementor-element-3b91912 e-flex e-con-boxed e-con e-parent\" data-id=\"3b91912\" data-element_type=\"container\" data-e-type=\"container\" data-settings=\"{&quot;background_background&quot;:&quot;classic&quot;}\">\n\t\t\t\t\t<div class=\"e-con-inner\">\n\t\t\t\t\t<\/div>\n\t\t\t\t<\/div>\n\t\t<div class=\"elementor-element elementor-element-65aadae e-flex e-con-boxed e-con e-parent\" data-id=\"65aadae\" data-element_type=\"container\" data-e-type=\"container\">\n\t\t\t\t\t<div class=\"e-con-inner\">\n\t\t\t\t<div class=\"elementor-element elementor-element-74ad017 elementor-widget elementor-widget-text-editor\" data-id=\"74ad017\" data-element_type=\"widget\" data-e-type=\"widget\" data-widget_type=\"text-editor.default\">\n\t\t\t\t<div class=\"elementor-widget-container\">\n\t\t\t\t\t\t\t\t\t<p>Access to this Website may involve the use of cookies. Cookies are small amounts of information that are stored in the browser used by each User - in the different devices that may be used to browse - so that the server remembers certain information that will subsequently be read only by the server that implemented it. Cookies make browsing easier, more user-friendly and do not damage the browsing device.<\/p><p>Cookies are automatic procedures for collecting information relating to the preferences determined by the User during his\/her visit to the Website in order to recognise him\/her as a User, and to personalise his\/her experience and use of the Website, and may also, for example, help to identify and resolve errors.<\/p><p>The information collected through cookies may include the date and time of visits to the Website, the pages viewed, the time spent on the Website and the sites visited just before and just after the Website. However, no cookie allows this cookie to contact the User's telephone number or any other means of personal contact. No cookie can extract information from the User's hard drive or steal personal information. The only way for the User's private information to be part of the Cookie file is for the User to personally give that information to the server.<\/p><p>Cookies that allow a person to be identified are considered personal data. Therefore, the aforementioned Privacy Policy shall apply to them. In this regard, the User's consent is required for the use of cookies. This consent will be communicated, on the basis of a genuine choice, offered by means of an affirmative and positive decision, prior to the initial processing, removable and documented.<\/p><div class=\"\"><h4>Own cookies<\/h4><p>These are cookies that are sent to the User's computer or device and are exclusively managed by\u00a0<span class=\"blanc-space ng-binding\">CiaMajareta<\/span>\u00a0for the better functioning of the Website. The information collected is used to improve the quality of the Website and its Content and your experience as a User. These cookies make it possible to recognise the User as a recurring visitor to the Website and to adapt the content to offer him\/her content that is tailored to his\/her preferences.<\/p><\/div><div class=\"\"><h4>Social media cookies<\/h4><p><span class=\"blanc-space ng-binding\">CiaMajareta<\/span>\u00a0incorporates social media plugins, which allow access to social networks from the Website. For this reason, social network cookies may be stored in the User's browser. The owners of these social networks have their own data protection and cookie policies, being themselves, in each case, responsible for their own files and their own privacy practices. The User should refer to them for information about these cookies and, where appropriate, the processing of their personal data. For information purposes only, the links where these privacy and\/or cookie policies can be consulted are indicated below:<\/p><ul><li>Facebook:\u00a0<a class=\"text-info\" href=\"https:\/\/www.facebook.com\/policies\/cookies\/\">https:\/\/www.facebook.com\/policies\/cookies\/<\/a><\/li><li>Twitter:\u00a0<a class=\"text-info\" href=\"https:\/\/twitter.com\/es\/privacy\">https:\/\/twitter.com\/es\/privacy<\/a><\/li><li>Instagram:\u00a0<a class=\"text-info\" href=\"https:\/\/help.instagram.com\/1896641480634370?ref=ig\">https:\/\/help.instagram.com\/1896641480634370?ref=ig<\/a><\/li><li>YouTube:\u00a0<a class=\"text-info\" href=\"https:\/\/policies.google.com\/privacy?hl=es-419&amp;gl=mx\">https:\/\/policies.google.com\/privacy?hl=es-419&amp;gl=mx<\/a><\/li><li>Pinterest:\u00a0<a class=\"text-info\" href=\"https:\/\/policy.pinterest.com\/es\/privacy-policy\">https:\/\/policy.pinterest.com\/es\/privacy-policy<\/a><\/li><li>LinkedIn:\u00a0<a class=\"text-info\" href=\"https:\/\/www.linkedin.com\/legal\/cookie-policy?trk=hp-cookies\">https:\/\/www.linkedin.com\/legal\/cookie-policy?trk=hp-cookies<\/a><\/li><\/ul><\/div><h4>Disabling, rejecting and deleting cookies<\/h4><p>The User may disable, reject and delete cookies - in whole or in part - installed on their device by configuring their browser (including, for example, Chrome, Firefox, Safari, Explorer). In this regard, the procedures for rejecting and deleting cookies may differ from one Internet browser to another. Consequently, the User must follow the instructions provided by the Internet browser that he\/she is using. In the event that you reject the use of cookies - totally or partially - you may continue to use the Website, although the use of some of its features may be limited.<\/p>\t\t\t\t\t\t\t\t<\/div>\n\t\t\t\t<\/div>\n\t\t\t\t\t<\/div>\n\t\t\t\t<\/div>\n\t\t\t\t<\/div>","protected":false},"excerpt":{"rendered":"<p>El acceso a este Sitio Web puede implicar la utilizaci\u00f3n de cookies. Las cookies son peque\u00f1as cantidades de informaci\u00f3n que se almacenan en el navegador utilizado por cada Usuario \u2014en los distintos dispositivos que pueda utilizar para navegar\u2014 para que el servidor recuerde cierta informaci\u00f3n que posteriormente y \u00fanicamente el servidor que la implement\u00f3 leer\u00e1. [&hellip;]<\/p>\n","protected":false},"author":3,"featured_media":0,"parent":0,"menu_order":0,"comment_status":"closed","ping_status":"closed","template":"elementor_header_footer","meta":{"_joinchat":[],"footnotes":""},"class_list":["post-1067","page","type-page","status-publish","hentry"],"yoast_head":"<!-- This site is optimized with the Yoast SEO plugin v27.3 - https:\/\/yoast.com\/product\/yoast-seo-wordpress\/ -->\n<title>Pol\u00edticas de cookies - CiaMajareta<\/title>\n<meta name=\"robots\" content=\"noindex, nofollow\" \/>\n<meta property=\"og:locale\" content=\"en_GB\" \/>\n<meta property=\"og:type\" content=\"article\" \/>\n<meta property=\"og:title\" content=\"Pol\u00edticas de cookies - CiaMajareta\" \/>\n<meta property=\"og:description\" content=\"El acceso a este Sitio Web puede implicar la utilizaci\u00f3n de cookies. Las cookies son peque\u00f1as cantidades de informaci\u00f3n que se almacenan en el navegador utilizado por cada Usuario \u2014en los distintos dispositivos que pueda utilizar para navegar\u2014 para que el servidor recuerde cierta informaci\u00f3n que posteriormente y \u00fanicamente el servidor que la implement\u00f3 leer\u00e1. [&hellip;]\" \/>\n<meta property=\"og:url\" content=\"https:\/\/ciamajareta.es\/en\/cookies\/\" \/>\n<meta property=\"og:site_name\" content=\"CiaMajareta\" \/>\n<meta property=\"article:modified_time\" content=\"2024-09-09T16:15:03+00:00\" \/>\n<meta name=\"twitter:card\" content=\"summary_large_image\" \/>\n<meta name=\"twitter:label1\" content=\"Estimated reading time\" \/>\n\t<meta name=\"twitter:data1\" content=\"3 minutes\" \/>\n<script type=\"application\/ld+json\" class=\"yoast-schema-graph\">{\"@context\":\"https:\\\/\\\/schema.org\",\"@graph\":[{\"@type\":\"WebPage\",\"@id\":\"https:\\\/\\\/ciamajareta.es\\\/cookies\\\/\",\"url\":\"https:\\\/\\\/ciamajareta.es\\\/cookies\\\/\",\"name\":\"Pol\u00edticas de cookies - CiaMajareta\",\"isPartOf\":{\"@id\":\"https:\\\/\\\/ciamajareta.es\\\/#website\"},\"datePublished\":\"2024-05-26T15:16:47+00:00\",\"dateModified\":\"2024-09-09T16:15:03+00:00\",\"breadcrumb\":{\"@id\":\"https:\\\/\\\/ciamajareta.es\\\/cookies\\\/#breadcrumb\"},\"inLanguage\":\"en-GB\",\"potentialAction\":[{\"@type\":\"ReadAction\",\"target\":[\"https:\\\/\\\/ciamajareta.es\\\/cookies\\\/\"]}]},{\"@type\":\"BreadcrumbList\",\"@id\":\"https:\\\/\\\/ciamajareta.es\\\/cookies\\\/#breadcrumb\",\"itemListElement\":[{\"@type\":\"ListItem\",\"position\":1,\"name\":\"Portada\",\"item\":\"https:\\\/\\\/ciamajareta.es\\\/\"},{\"@type\":\"ListItem\",\"position\":2,\"name\":\"Pol\u00edticas de cookies\"}]},{\"@type\":\"WebSite\",\"@id\":\"https:\\\/\\\/ciamajareta.es\\\/#website\",\"url\":\"https:\\\/\\\/ciamajareta.es\\\/\",\"name\":\"CiaMajareta\",\"description\":\"Empresa dedicada a la producci\u00f3n y ejecuci\u00f3n de espect\u00e1culos de calle a nivel internacional.\",\"publisher\":{\"@id\":\"https:\\\/\\\/ciamajareta.es\\\/#organization\"},\"potentialAction\":[{\"@type\":\"SearchAction\",\"target\":{\"@type\":\"EntryPoint\",\"urlTemplate\":\"https:\\\/\\\/ciamajareta.es\\\/?s={search_term_string}\"},\"query-input\":{\"@type\":\"PropertyValueSpecification\",\"valueRequired\":true,\"valueName\":\"search_term_string\"}}],\"inLanguage\":\"en-GB\"},{\"@type\":\"Organization\",\"@id\":\"https:\\\/\\\/ciamajareta.es\\\/#organization\",\"name\":\"CiaMajareta\",\"url\":\"https:\\\/\\\/ciamajareta.es\\\/\",\"logo\":{\"@type\":\"ImageObject\",\"inLanguage\":\"en-GB\",\"@id\":\"https:\\\/\\\/ciamajareta.es\\\/#\\\/schema\\\/logo\\\/image\\\/\",\"url\":\"https:\\\/\\\/ciamajareta.es\\\/wp-content\\\/uploads\\\/2024\\\/05\\\/Mural-QR-Pequeno.png\",\"contentUrl\":\"https:\\\/\\\/ciamajareta.es\\\/wp-content\\\/uploads\\\/2024\\\/05\\\/Mural-QR-Pequeno.png\",\"width\":731,\"height\":628,\"caption\":\"CiaMajareta\"},\"image\":{\"@id\":\"https:\\\/\\\/ciamajareta.es\\\/#\\\/schema\\\/logo\\\/image\\\/\"}}]}<\/script>\n<!-- \/ Yoast SEO plugin. -->","yoast_head_json":{"title":"Cookie Policy - CiaMajareta","robots":{"index":"noindex","follow":"nofollow"},"og_locale":"en_GB","og_type":"article","og_title":"Pol\u00edticas de cookies - CiaMajareta","og_description":"El acceso a este Sitio Web puede implicar la utilizaci\u00f3n de cookies. Las cookies son peque\u00f1as cantidades de informaci\u00f3n que se almacenan en el navegador utilizado por cada Usuario \u2014en los distintos dispositivos que pueda utilizar para navegar\u2014 para que el servidor recuerde cierta informaci\u00f3n que posteriormente y \u00fanicamente el servidor que la implement\u00f3 leer\u00e1. [&hellip;]","og_url":"https:\/\/ciamajareta.es\/en\/cookies\/","og_site_name":"CiaMajareta","article_modified_time":"2024-09-09T16:15:03+00:00","twitter_card":"summary_large_image","twitter_misc":{"Estimated reading time":"3 minutes"},"schema":{"@context":"https:\/\/schema.org","@graph":[{"@type":"WebPage","@id":"https:\/\/ciamajareta.es\/cookies\/","url":"https:\/\/ciamajareta.es\/cookies\/","name":"Cookie Policy - CiaMajareta","isPartOf":{"@id":"https:\/\/ciamajareta.es\/#website"},"datePublished":"2024-05-26T15:16:47+00:00","dateModified":"2024-09-09T16:15:03+00:00","breadcrumb":{"@id":"https:\/\/ciamajareta.es\/cookies\/#breadcrumb"},"inLanguage":"en-GB","potentialAction":[{"@type":"ReadAction","target":["https:\/\/ciamajareta.es\/cookies\/"]}]},{"@type":"BreadcrumbList","@id":"https:\/\/ciamajareta.es\/cookies\/#breadcrumb","itemListElement":[{"@type":"ListItem","position":1,"name":"Portada","item":"https:\/\/ciamajareta.es\/"},{"@type":"ListItem","position":2,"name":"Pol\u00edticas de cookies"}]},{"@type":"WebSite","@id":"https:\/\/ciamajareta.es\/#website","url":"https:\/\/ciamajareta.es\/","name":"CiaMajareta","description":"Company dedicated to the production and execution of street shows at an international level.","publisher":{"@id":"https:\/\/ciamajareta.es\/#organization"},"potentialAction":[{"@type":"SearchAction","target":{"@type":"EntryPoint","urlTemplate":"https:\/\/ciamajareta.es\/?s={search_term_string}"},"query-input":{"@type":"PropertyValueSpecification","valueRequired":true,"valueName":"search_term_string"}}],"inLanguage":"en-GB"},{"@type":"Organization","@id":"https:\/\/ciamajareta.es\/#organization","name":"CiaMajareta","url":"https:\/\/ciamajareta.es\/","logo":{"@type":"ImageObject","inLanguage":"en-GB","@id":"https:\/\/ciamajareta.es\/#\/schema\/logo\/image\/","url":"https:\/\/ciamajareta.es\/wp-content\/uploads\/2024\/05\/Mural-QR-Pequeno.png","contentUrl":"https:\/\/ciamajareta.es\/wp-content\/uploads\/2024\/05\/Mural-QR-Pequeno.png","width":731,"height":628,"caption":"CiaMajareta"},"image":{"@id":"https:\/\/ciamajareta.es\/#\/schema\/logo\/image\/"}}]}},"_links":{"self":[{"href":"https:\/\/ciamajareta.es\/en\/wp-json\/wp\/v2\/pages\/1067","targetHints":{"allow":["GET"]}}],"collection":[{"href":"https:\/\/ciamajareta.es\/en\/wp-json\/wp\/v2\/pages"}],"about":[{"href":"https:\/\/ciamajareta.es\/en\/wp-json\/wp\/v2\/types\/page"}],"author":[{"embeddable":true,"href":"https:\/\/ciamajareta.es\/en\/wp-json\/wp\/v2\/users\/3"}],"replies":[{"embeddable":true,"href":"https:\/\/ciamajareta.es\/en\/wp-json\/wp\/v2\/comments?post=1067"}],"version-history":[{"count":4,"href":"https:\/\/ciamajareta.es\/en\/wp-json\/wp\/v2\/pages\/1067\/revisions"}],"predecessor-version":[{"id":2218,"href":"https:\/\/ciamajareta.es\/en\/wp-json\/wp\/v2\/pages\/1067\/revisions\/2218"}],"wp:attachment":[{"href":"https:\/\/ciamajareta.es\/en\/wp-json\/wp\/v2\/media?parent=1067"}],"curies":[{"name":"wp","href":"https:\/\/api.w.org\/{rel}","templated":true}]}}